{"id":96,"date":"2024-01-01T07:00:11","date_gmt":"2024-01-01T06:00:11","guid":{"rendered":"https:\/\/boese-gmbh-saw.de\/?page_id=96"},"modified":"2024-01-28T22:54:36","modified_gmt":"2024-01-28T21:54:36","slug":"datenschutz","status":"publish","type":"page","link":"https:\/\/boese-gmbh-saw.de\/en\/datenschutz\/","title":{"rendered":"Privacy Policy"},"content":{"rendered":"<div id=\"pl-96\"  class=\"panel-layout\" ><div id=\"pg-96-0\"  class=\"panel-grid panel-no-style\" ><div id=\"pgc-96-0-0\"  class=\"panel-grid-cell\" ><div id=\"panel-96-0-0-0\" class=\"so-panel widget widget_sow-editor panel-first-child panel-last-child\" data-index=\"0\" ><div\n\t\t\t\n\t\t\tclass=\"so-widget-sow-editor so-widget-sow-editor-base\"\n\t\t\t\n\t\t><h3 class=\"widget-title\">Datenschutzerkl\u00e4rung<\/h3>\n<div class=\"siteorigin-widget-tinymce textwidget\">\n\t<div class=\"siteorigin-widget-tinymce textwidget\">\n<p><span class=\"fontstyle1\">Als Unternehmen erheben und verwenden wir personenbezogene Daten ausschlie\u00dflich im Rahmen der Bestimmungen des geltenden Datenschutzrechts. Diese Webseite ist ohne die Angabe personenbezogener Daten nutzbar, durch diese werden auch solange keine personenbezogenen Daten erhoben oder verwendet wie kein direkter Kontakt f\u00fcr eine Auftragsabwicklung erforderlich ist. Die Bereitstellung der f\u00fcr die Abwicklung von Auftr\u00e4gen jedweder Art\u00a0<\/span><span class=\"fontstyle1\">ben\u00f6tigten Informationen \u2013 ggf. auch personenbezogener Daten \u2013 erfolgt grunds\u00e4tzlich auf freiwilliger Basis. Hinsichtlich der Auftragsabwicklung gelten auch bei elektronischer Kommunikation ausschlie\u00dflich unsere <\/span><a href=\"https:\/\/boese-gmbh-saw.de\/en\/agb\/\"><span class=\"fontstyle1\">AGB<\/span><\/a><span class=\"fontstyle1\">.<\/span><\/p>\n<p><span class=\"fontstyle1\">Eine Speicherung personenbezogener Daten findet insofern auf dieser Website au\u00dferhalb der freiwillig f\u00fcr die Auftragsabwicklung zur Verf\u00fcgung gestellten Informationen und gesetzlicher Vorgaben (Impressum, Urheberrecht) sowie Kontaktpersonen des Unternehmens, deren Zustimmung dazu vorliegt, nicht statt.<\/span><\/p>\n<p><span class=\"fontstyle1\">Die wesentlichen rechtlichen Grundlagen des Datenschutzes finden Sie in der DatenschutzGrundverordnung (DSVGO), dem <\/span><a href=\"https:\/\/www.gesetze-im-internet.de\/bdsg_2018\/\" target=\"_blank\" rel=\"noopener\"><span class=\"fontstyle1\">Bundesdatenschutzgesetz (BDSG) <\/span><\/a><span class=\"fontstyle1\">und dem\u00a0<\/span><a href=\"https:\/\/www.gesetze-im-internet.de\/tmg\/BJNR017910007.html\" target=\"_blank\" rel=\"noopener\"><span class=\"fontstyle1\">Telemediengesetz (TMG)<\/span><\/a><span class=\"fontstyle1\">. An diese gesetzlichen Vorgaben halten wir uns. Die Komplexit\u00e4t des Datenschutzes ist nicht umfassend in diesem Dokument abbildbar. Wir verweisen unter Beachtung der Urheberrechte auf die <\/span><a href=\"https:\/\/www.bfdi.bund.de\/DE\/Home\/home_node.html\" target=\"_blank\" rel=\"noopener\"><span class=\"fontstyle3\">Seite der Bundesbeauftragten f\u00fcr den Datenschutz <\/span><\/a><span class=\"fontstyle1\">und besonders auf die Ver\u00f6ffentlichung <\/span><a href=\"https:\/\/www.bfdi.bund.de\/SharedDocs\/Publikationen\/Infobroschueren\/INFO1.html?nn=5217204\" target=\"_blank\" rel=\"noopener\"><span class=\"fontstyle3\">Datenschutz-Grundverordnung (Infoheft 1)<\/span><\/a><span class=\"fontstyle1\">.<\/span><\/p>\n<p><span class=\"fontstyle1\">Nachfolgend unterrichten wir Sie \u00fcber Art, Umfang und Zweck der Erhebung und Verwendung von Daten auf der Website <\/span><a href=\"https:\/\/boese-gmbh-saw.de\/en\/\"><span class=\"fontstyle3\">https:\/\/boese-gmbh-saw.de\/<\/span><span class=\"fontstyle1\">.<\/span><\/a><\/p>\n<h3><span class=\"fontstyle0\">Verantwortliche Stelle und Datenschutzbeauftragter<\/span><\/h3>\n<p><span class=\"fontstyle1\">Die verantwortliche Stelle f\u00fcr personenbezogene Daten \u2013 wo zutreffend \u2013 ist die Gartenbau Salzwedel GmbH, Hoyersburger Stra\u00dfe 48, 29410 Hansestadt Salzwedel. Bei allen Fragen zum Datenschutz wenden sie sich bitte an unseren Datenschutzbeauftragten, erreichbar unter\u00a0<\/span><a href=\"mailto:datenschutz@boese-gmbh-saw.de\"><span class=\"fontstyle3\">datenschutz@boese-gmbh-saw.de<\/span><\/a><span class=\"fontstyle1\">.<\/span><\/p>\n<h3><span class=\"fontstyle0\">SSL \u2013 Verschl\u00fcsselung<\/span><\/h3>\n<p><span class=\"fontstyle1\">Als Websitebetreiber nutzen wir eine SSL-Verschl\u00fcsselung. Ihre \u00fcbermittelten Daten werden damit so gesch\u00fctzt, dass diese z.B. bei Anfragen nicht von Dritten gelesen werden k\u00f6nnen. Diese Verbindungsart erkennen sie an der Vorsilbe \u2013 <\/span><span class=\"fontstyle0\">https:\/\/ <\/span><span class=\"fontstyle1\">\u2013 und \u2013 einem stilisierten gr\u00fcnen Schloss im Seitenlink in der Adresszeile des verwendeten Browsers. Mit einem Klick auf das gr\u00fcne Schloss erhalten sie weitere Sicherheitsinformationen.<\/span><\/p>\n<h3><span class=\"fontstyle0\">Anonyme automatische Datenerhebung<\/span><\/h3>\n<p><span class=\"fontstyle1\">Gem\u00e4\u00df \u00a7 13 Abs. 1 TMG und \u00a7 15 Abs. 4 TMG werden alle Zugriffe auf den Web-Server registriert, der Telekommunikationsanbieter protokolliert zumindestens die IP-Adresse des IT-Endger\u00e4tes. Beim Besuch des Internetangebots werden automatisch Zugriffsdatum und Uhrzeit Ihres Webseitenbesuchs, technische Angaben (Version und Name des Browsers und des Betriebssystems, Aufl\u00f6sung des Monitors) sowie gelesene Dokumente in Form von Serverlogdateien protokolliert. Diese Zugriffsdaten werden anonymisiert erhoben und nur f\u00fcr statistische Auswertungen zum Zweck des Betriebs, der Sicherheit und der Optimierung unseres Online-Angebotes verwendet. Ein Bezug der erhobenen Daten zur Person des Nutzers ist ausgeschlossen.<\/span><\/p>\n<p><span class=\"fontstyle1\">Wir behalten uns das Recht vor, im Falle von schweren Verst\u00f6\u00dfen gegen unsere Nutzungsbedingungen und bei unzul\u00e4ssigen Zugriffen bzw. Zugriffsversuchen auf unsere Server unter Zuhilfenahme einzelner Datens\u00e4tze eine Herleitung zu personenbezogenen Daten zu veranlassen. Mit der Benutzung dieses Internetangebotes erkl\u00e4ren Sie sich hiermit einverstanden. Sollten Sie mit dieser Vorgehensweise nicht einverstanden sein, so steht es Ihnen frei, unser Angebot nicht zu benutzen.<\/span><\/p>\n<h3><span class=\"fontstyle0\">Daten aus unserem <\/span><a href=\"https:\/\/boese-gmbh-saw.de\/en\/impressum\/\"><strong><span class=\"fontstyle4\">Imprint<\/span><\/strong><\/a><\/h3>\n<p><span class=\"fontstyle1\">Der Nutzung von im Rahmen der Impressumspflicht ver\u00f6ffentlichten Kontaktdaten durch Dritte zur \u00dcbersendung von nicht ausdr\u00fccklich angeforderter Werbung und Informationsmaterialien wird hiermit ausdr\u00fccklich widersprochen. Als Websitebetreiber behalten wir uns ausdr\u00fccklich rechtliche Schritte im Falle der unverlangten Zusendung von Werbeinformationen, etwa durch Spam-Mails, vor.<\/span><\/p>\n<h3><span class=\"fontstyle0\">Auskunft<\/span><\/h3>\n<p><span class=\"fontstyle1\">Nach dem Bundesdatenschutzgesetz haben Sie ein Recht auf unentgeltliche Auskunft \u00fcber Ihre gespeicherten Daten sowie ggf. ein Recht auf Berichtigung, Sperrung oder L\u00f6schung dieser Daten. Fragen oder Antr\u00e4ge stellen Sie bitte telefonisch an den Datenschutzbeauftragten unter 03901-3067-0 oder an folgende E-Mail-Adresse:\u00a0<\/span><a href=\"mailto:datenschutz@boese-gmbh-saw.de\"><span class=\"fontstyle3\">datenschutz@boese-gmbh-saw.de<\/span><\/a><span class=\"fontstyle1\">.<\/span><\/p>\n<h3><span class=\"fontstyle0\">Nutzung von Cookies und Analyse-Software<\/span><\/h3>\n<p><span class=\"fontstyle1\">Zur Verbesserung dieses Webauftritts werden Cookies, kleine Textdateien, die vor\u00fcbergehend im Arbeitsspeicher Ihres IT-Endger\u00e4tes gespeichert werden, eingesetzt. Das Speichern von Cookies k\u00f6nnen Sie verhindern, indem Sie in Ihren Browser-Einstellungen \u201cCookies blockieren\u201d (oder \u00e4hnliche Formulierung) w\u00e4hlen. Funktionseinschr\u00e4nkungen unserer Website k\u00f6nnen die Folge sein.<\/span><\/p>\n<p><span class=\"fontstyle1\">Der Einsatz von Analyse-Software dient einer st\u00e4ndigen Verbesserung des Informationsangebotes, steht in Abh\u00e4ngigkeit vom Stand informationstechnischer Entwicklungen und hat nicht das Ziel personenbezogene Daten jedweder Art zu ermitteln, zu\u00a0<\/span><span class=\"fontstyle1\">sammeln oder auszuwerten. \u00c4nderungen an oder der Analyse-Software selbst f\u00fchren nicht zu einem neuen Aussagestatus. Die Aussagen hinsichtlich einer aktuell im Einsatz befindlichen Software sind deshalb auch ersatzweise allgemein zu verstehen.<\/span><\/p>\n<p><span class=\"fontstyle1\">Diese Website benutzt einen externen Webanalysedienst, Informationen werden nur wie unter Anonyme automatische Datenerhebung beschrieben verwendet.<\/span><\/p>\n<h3><span class=\"fontstyle0\">Contact<\/span><\/h3>\n<p><span class=\"fontstyle1\">Sie k\u00f6nnen \u00fcber die auf dieser Seite beschriebenen Wege (Post, Telefon, Fax, E-Mail) Kontakt zu uns aufnehmen. Bei jeder Kontaktart werden Daten nur in dem von Ihnen freiwillig zur Verf\u00fcgung gestellten Umfang erhoben. Um Ihnen auf Ihr Anliegen antworten zu k\u00f6nnen, ben\u00f6tigen wir nach gew\u00fcnschter Kontaktart zustellungsf\u00e4hige Informationen. Ihre \u00fcbermittelten \u2013 ggf. auch personenbezogenen \u2013 Daten nutzen wir ausschlie\u00dflich au\u00dferhalb dieser Website zur Bearbeitung Ihrer Anfrage. Ihre Ansprechpartner sind dabei zur Verschwiegenheit und zur Einhaltung der datenschutzrechtlichen Bestimmungen verpflichtet. Ihre Daten werden nicht dauerhaft gespeichert, sofern Sie einer weitergehenden Nutzung nicht ausdr\u00fccklich zustimmen.<\/span><\/p>\n<p><span class=\"fontstyle1\">Beachten Sie, dass E-Mails ohne zus\u00e4tzlichen Schutz \u2013 z.B. Verschl\u00fcsselung und\/oder Signatur \u2013 keinen sicheren Kommunikationsweg darstellen. Aber selbst mit geeignetem Schutz ist es f\u00fcr die Versendung von sensiblen Informationen empfehlenswert, den Postweg zu nutzen. Wir weisen darauf hin, dass die Daten\u00fcbertragung im Internet \u2013 nicht nur im Rahmen der Nutzung unserer Webseite \u2013 Sicherheitsl\u00fccken aufweisen kann. Ein l\u00fcckenloser Schutz der Daten vor dem Zugriff durch Dritte ist nicht m\u00f6glich.<\/span><\/p>\n<p><span class=\"fontstyle1\">Uns \u00fcbermittelte Daten werden ohne Ihre ausdr\u00fcckliche Zustimmung nicht an Dritte weitergegeben.<\/span><\/p>\n<h3><span class=\"fontstyle0\">Links zu externen Internetseiten<\/span><\/h3>\n<p><span class=\"fontstyle1\">Als Dienstanbieter ist die Gartenbau Salzwedel GmbH f\u00fcr eigene Inhalte innerhalb der Website <\/span><a href=\"https:\/\/boese-gmbh-saw.de\/en\/\"><span class=\"fontstyle3\">https:\/\/boese-gmbh-saw.de\/ <\/span><\/a><span class=\"fontstyle1\">verantwortlich (\u00a7 8 Abs. 1 TMG). F\u00fcr die Inhalte, Qualit\u00e4t und Aktualit\u00e4t von Internetseiten Dritter, die \u00fcber externe Links dieses Informationsangebotes erreicht werden, \u00fcbernehmen wir keine Haftung. Wir haben keinen Einfluss darauf, dass fremde Anbieter die gesetzlichen Datenschutzbestimmungen einhalten. Sie sollten daher stets die Datenschutzerkl\u00e4rungen zu den verlinkten Online-Angeboten Dritter pr\u00fcfen.<\/span><\/p>\n<h3><span class=\"fontstyle0\">Aktualisierung<\/span><\/h3>\n<p><span class=\"fontstyle1\">Beachten sie, dass sich Datenschutzbestimmungen und Handhabungen zum Datenschutz laufend \u00e4ndern k\u00f6nnen. Im Zuge der Weiterentwicklung unserer Internetseiten und der Implementierung neuer Technologien k\u00f6nnen auch \u00c4nderungen dieser Datenschutzerkl\u00e4rung erforderlich werden. Es ist daher ratsam und erforderlich, sich \u00fcber Ver\u00e4nderungen der gesetzlichen Bestimmungen, Datenschutzerkl\u00e4rungen und der Praxis von kommerziellen\u00a0<\/span><span class=\"fontstyle1\">Dienstanbietern laufend zu informieren. Wir verweisen an dieser Stelle nochmals \u2013 wie oben dargestellt \u2013 auf die <\/span><a href=\"https:\/\/www.bfdi.bund.de\/DE\/Home\/home_node.html\" target=\"_blank\" rel=\"noopener\"><span class=\"fontstyle3\">Seite der Bundesbeauftragten f\u00fcr den Datenschutz<\/span><\/a><span class=\"fontstyle1\">.<\/span><\/p>\n<p><span class=\"fontstyle5\">Quellenangaben Links: Bundesministerium der Justiz und f\u00fcr Verbraucherschutz; Die Bundesbeauftragte f\u00fcr den Datenschutz und die Informationsfreiheit<\/span><\/p>\n<\/div>\n<\/div>\n<\/div><\/div><\/div><\/div><\/div>","protected":false},"excerpt":{"rendered":"<p>Als Unternehmen erheben und verwenden wir personenbezogene Daten ausschlie\u00dflich im Rahmen der Bestimmungen des geltenden Datenschutzrechts. Diese Webseite ist ohne die Angabe personenbezogener Daten nutzbar, durch diese werden auch solange keine personenbezogenen Daten erhoben oder verwendet wie kein direkter Kontakt f\u00fcr eine Auftragsabwicklung erforderlich ist. Die Bereitstellung der f\u00fcr die Abwicklung von Auftr\u00e4gen jedweder Art\u00a0ben\u00f6tigten [&hellip;]<\/p>","protected":false},"author":2,"featured_media":17,"parent":0,"menu_order":0,"comment_status":"closed","ping_status":"closed","template":"","meta":{"footnotes":""},"categories":[1],"tags":[11],"class_list":["post-96","page","type-page","status-publish","has-post-thumbnail","hentry","category-allgemein","tag-boese-gmbh-datenschutz"],"_links":{"self":[{"href":"https:\/\/boese-gmbh-saw.de\/en\/wp-json\/wp\/v2\/pages\/96","targetHints":{"allow":["GET"]}}],"collection":[{"href":"https:\/\/boese-gmbh-saw.de\/en\/wp-json\/wp\/v2\/pages"}],"about":[{"href":"https:\/\/boese-gmbh-saw.de\/en\/wp-json\/wp\/v2\/types\/page"}],"author":[{"embeddable":true,"href":"https:\/\/boese-gmbh-saw.de\/en\/wp-json\/wp\/v2\/users\/2"}],"replies":[{"embeddable":true,"href":"https:\/\/boese-gmbh-saw.de\/en\/wp-json\/wp\/v2\/comments?post=96"}],"version-history":[{"count":7,"href":"https:\/\/boese-gmbh-saw.de\/en\/wp-json\/wp\/v2\/pages\/96\/revisions"}],"predecessor-version":[{"id":816,"href":"https:\/\/boese-gmbh-saw.de\/en\/wp-json\/wp\/v2\/pages\/96\/revisions\/816"}],"wp:featuredmedia":[{"embeddable":true,"href":"https:\/\/boese-gmbh-saw.de\/en\/wp-json\/wp\/v2\/media\/17"}],"wp:attachment":[{"href":"https:\/\/boese-gmbh-saw.de\/en\/wp-json\/wp\/v2\/media?parent=96"}],"wp:term":[{"taxonomy":"category","embeddable":true,"href":"https:\/\/boese-gmbh-saw.de\/en\/wp-json\/wp\/v2\/categories?post=96"},{"taxonomy":"post_tag","embeddable":true,"href":"https:\/\/boese-gmbh-saw.de\/en\/wp-json\/wp\/v2\/tags?post=96"}],"curies":[{"name":"wp","href":"https:\/\/api.w.org\/{rel}","templated":true}]}}